{"id":241,"date":"2026-03-30T21:46:18","date_gmt":"2026-03-30T19:46:18","guid":{"rendered":"https:\/\/mysiagryzinska.pl\/?post_type=product&#038;p=241"},"modified":"2026-04-07T11:52:46","modified_gmt":"2026-04-07T09:52:46","slug":"pulapki-codziennosci-alfabet-mysi-gryzinskiej","status":"publish","type":"product","link":"https:\/\/mysiagryzinska.pl\/index.php\/product\/pulapki-codziennosci-alfabet-mysi-gryzinskiej\/","title":{"rendered":"Pu\u0142apki codzienno\u015bci: alfabet mysi gryzi\u0144skiej"},"content":{"rendered":"<p><b>\u201ePu\u0142apki codzienno\u015bci: alfabet Mysi Gryzi\u0144skiej\u201d<\/b> to niezwyk\u0142e zaproszenie do \u015bwiata <b>uwa\u017cno\u015bci<\/b>, stworzone z my\u015bl\u0105 o dzieciach i ich opiekunach. Ksi\u0105\u017cka pe\u0142ni rol\u0119 <b>mapy i lupy<\/b>, pomagaj\u0105c najm\u0142odszym zauwa\u017ca\u0107 to, co dzieje si\u0119 \u201etu i teraz\u201d \u2013 w ich ciele, my\u015blach i sercu.<\/p>\n<p>Wsp\u00f3lnie z urocz\u0105 bohaterk\u0105, <b>Mysi\u0105 Gryzi\u0144sk\u0105<\/b>, czytelnicy ucz\u0105 si\u0119 omija\u0107 codzienne pu\u0142apki, takie jak po\u015bpiech, z\u0142o\u015b\u0107 czy smutek.<\/p>\n<p>Dzi\u0119ki pi\u0119knym ilustracjom <b>Justyny W\u00f3jtowicz<\/b>, ka\u017cda litera alfabetu staje si\u0119 okazj\u0105 do poznania wa\u017cnych \u017cyciowych lekcji i wykonania <b>praktycznych zada\u0144<\/b>. Ksi\u0105\u017cka uczy m.in.:<\/p>\n<ul>\n<li>Jak radzi\u0107 sobie z trudnymi emocjami, por\u00f3wnuj\u0105c je do <b>pestek w arbuzie<\/b>.<\/li>\n<li>Jak akceptowa\u0107 fakt, \u017ce \u017cycie ma r\u00f3\u017cne smaki \u2013 nie tylko s\u0142odkie, ale i kwa\u015bne jak <b>cytryna<\/b>.<\/li>\n<li>Jak budowa\u0107 <b>poczucie w\u0142asnej warto\u015bci<\/b> i dumy z w\u0142asnych osi\u0105gni\u0119\u0107.<\/li>\n<li>Jak znajdowa\u0107 spok\u00f3j i wyciszenie poprzez <b>\u0107wiczenia oddechowe i wizualizacje<\/b>.<\/li>\n<\/ul>\n<p>To publikacja, kt\u00f3ra nie tylko bawi, ale i wspiera rozw\u00f3j emocjonalny, ucz\u0105c <b>wdzi\u0119czno\u015bci<\/b> za drobiazgi oraz doceniania obecno\u015bci bliskich os\u00f3b. Jak podkre\u015bla autorka, przygoda z uwa\u017cno\u015bci\u0105 nie ko\u0144czy si\u0119 wraz z ostatni\u0105 stron\u0105 \u2013 to dopiero pocz\u0105tek drogi do lepszego poznania samego siebie. <b>Podaruj swojemu dziecku narz\u0119dzie, kt\u00f3re pomo\u017ce mu odnale\u017a\u0107 spok\u00f3j w zabieganym \u015bwiecie<\/b><\/p>\n","protected":false},"excerpt":{"rendered":"<p><strong>\u201ePu\u0142apki codzienno\u015bci: alfabet Mysi Gryzi\u0144skiej\u201d<\/strong> to <strong>wyj\u0105tkowa ksi\u0105\u017cka dla dzieci i ich opiekun\u00f3w<\/strong>, kt\u00f3ra w przyst\u0119pny spos\u00f3b wprowadza w \u015bwiat uwa\u017cno\u015bci. Razem z sympatyczn\u0105 Mysi\u0105 Gryzi\u0144sk\u0105 <strong>najm\u0142odsi ucz\u0105 si\u0119 rozpoznawa\u0107 emocje, radzi\u0107 sobie z trudno\u015bciami i docenia\u0107 codzienne chwile<\/strong>. Ka\u017cda litera alfabetu to nowa lekcja i praktyczne \u0107wiczenia wspieraj\u0105ce rozw\u00f3j emocjonalny, spok\u00f3j oraz budowanie pewno\u015bci siebie. Idealna do wsp\u00f3lnego czytania i rozm\u00f3w.<\/p>\n","protected":false},"featured_media":242,"comment_status":"open","ping_status":"closed","template":"","meta":[],"product_brand":[],"product_cat":[15],"product_tag":[],"class_list":{"0":"post-241","1":"product","2":"type-product","3":"status-publish","4":"has-post-thumbnail","6":"product_cat-uncategorized","8":"first","9":"instock","10":"shipping-taxable","11":"purchasable","12":"product-type-simple"},"_links":{"self":[{"href":"https:\/\/mysiagryzinska.pl\/index.php\/wp-json\/wp\/v2\/product\/241","targetHints":{"allow":["GET"]}}],"collection":[{"href":"https:\/\/mysiagryzinska.pl\/index.php\/wp-json\/wp\/v2\/product"}],"about":[{"href":"https:\/\/mysiagryzinska.pl\/index.php\/wp-json\/wp\/v2\/types\/product"}],"replies":[{"embeddable":true,"href":"https:\/\/mysiagryzinska.pl\/index.php\/wp-json\/wp\/v2\/comments?post=241"}],"wp:featuredmedia":[{"embeddable":true,"href":"https:\/\/mysiagryzinska.pl\/index.php\/wp-json\/wp\/v2\/media\/242"}],"wp:attachment":[{"href":"https:\/\/mysiagryzinska.pl\/index.php\/wp-json\/wp\/v2\/media?parent=241"}],"wp:term":[{"taxonomy":"product_brand","embeddable":true,"href":"https:\/\/mysiagryzinska.pl\/index.php\/wp-json\/wp\/v2\/product_brand?post=241"},{"taxonomy":"product_cat","embeddable":true,"href":"https:\/\/mysiagryzinska.pl\/index.php\/wp-json\/wp\/v2\/product_cat?post=241"},{"taxonomy":"product_tag","embeddable":true,"href":"https:\/\/mysiagryzinska.pl\/index.php\/wp-json\/wp\/v2\/product_tag?post=241"}],"curies":[{"name":"wp","href":"https:\/\/api.w.org\/{rel}","templated":true}]}}